{"id":1144,"date":"2026-03-05T11:51:01","date_gmt":"2026-03-05T11:51:01","guid":{"rendered":"https:\/\/www.ritajankowska.pl\/?page_id=1144"},"modified":"2026-04-19T18:59:41","modified_gmt":"2026-04-19T18:59:41","slug":"spoleczne-chory-czytajace","status":"publish","type":"page","link":"https:\/\/www.ritajankowska.pl\/index.php\/spoleczne-chory-czytajace\/","title":{"rendered":"spo\u0142eczne ch\u00f3ry czytaj\u0105ce"},"content":{"rendered":"\n<p><\/p>\n\n\n\n<p><strong>SPO\u0141ECZNE ROZCZYTYWANIE J\u0118ZYKA (PI\u0118KNEGO)<\/strong><\/p>\n\n\n\n<p><\/p>\n\n\n\n<p class=\"has-text-align-left has-small-font-size\">To wydarzenie nie mia\u0142o instrukcji. Nie ma metody do bycia i bycia razem poprzez wsp\u00f3lne czytanie. Jest decyzja.<\/p>\n\n\n\n<p class=\"has-text-align-left has-small-font-size\">Tekst, kt\u00f3ry napisa\u0142am specjalnie dla tego eksperymentalnego czytania ch\u00f3ralnego by\u0142 tylko pretekstem. S\u0142owa s\u0105. S\u0142owa \u201ewy\u0142aniaj\u0105 si\u0119 ze swego \u017ar\u00f3d\u0142a jak kwiaty\u201d. Mo\u017cna pozostawi\u0107 je zamkni\u0119tymi. Mo\u017cna pozwoli\u0107 ich p\u0105kom otwiera\u0107 si\u0119. Mog\u0105 sta\u0107 si\u0119 \u201ekwiatem twoich ust\u201d.<\/p>\n\n\n\n<p class=\"has-text-align-left has-small-font-size\">O do\u015bwiadczeniu innego sposobu bycia w J\u0119zyku, bycia dzi\u0119ki J\u0119zykowi, i poprzez J\u0119zyk. O do\u015bwiadczeniu J\u0119zyka jako pierwotnego, rdzennego, organicznego i b\u0119d\u0105cego pot\u0119\u017cn\u0105 energi\u0105 \u2013 d z i a \u0142 a n i a. Dzia\u0142ania, kt\u00f3re mo\u017ce zaskoczy\u0107, zachwyci\u0107, i cho\u0107 na chwil\u0119 przenie\u015b\u0107, gdy poddamy si\u0119 mu na g\u0142os i wsp\u00f3lnie. <\/p>\n\n\n\n<p class=\"has-text-align-left has-small-font-size\">A tak\u017ce o do\u015bwiadczeniu czytania performatywnego w Warszawie &#8211; tej DO &#8211; S\u0141OWNIE innej, eksperymentalnej spo\u0142ecznej ceremonii. Intymnej interwencji. \u017bywego aktu czytania tu i teraz &#8211; pisz\u0119 szerzej w ESEJU podsumowuj\u0105cym ca\u0142y m\u00f3j stypendialny namys\u0142-proces wraz z do\u0142\u0105czonym jest do niego tekstem poematu <em>anemon.anemon. trzeba o tym m\u00f3wi\u0107<\/em><\/p>\n\n\n\n<p class=\"has-text-align-left has-small-font-size\">link do eseju\/ebooka:<\/p>\n\n\n\n<p class=\"has-small-font-size\"><strong><a href=\"https:\/\/l.facebook.com\/l.php?u=https%3A%2F%2Fonline.fliphtml5.com%2Fxjsny%2Fcfmi%2F%3Ffbclid%3DIwZXh0bgNhZW0CMTAAYnJpZBExZXZuNHN5NHpUWlYzeUNidnNydGMGYXBwX2lkEDIyMjAzOTE3ODgyMDA4OTIAAR7C1WVP7wzcaLOiEMAWIg1MaALREbyCPj9mayA2ytQSDOKatGuOV2s6cgdFkg_aem_TGloheogZa-Snzs0075SHg%23p%3D35&amp;h=AT5Tafinguqd-Q9Y_ZDdiihNKaJmmSBfQPp-cJGmsL8M37U55W6RebD7f3uf1b2sTn0h0BDrHTouxym5t3LGlnKpnbs4ykjSWODYONykjdFdi4mgBNtChK0U3keP8K1E_5KbT-sYVtJtZu7v&amp;__tn__=-UK-R&amp;c[0]=AT6WxIVw5O6ibgN4dk1Lgf2MI0bSWy22Ix_ezNfb6VmHWYCvD1e47agW8KGC5_LSK1k4EncmrNspO-JYGfXq_VHNuHlZAIwMEBQRUnSBUcsT47ibl8yTbYUucxRcD8Q9KyEdIchTeNIUDkHO222nKvUTst6viH9fABl-g4Bf9BEs3ni38Mtds8pOEcd0TCVTAp8oLhs7jvrn-iv8IiLkCyLgfe0\" target=\"_blank\" rel=\"noreferrer noopener\">https:\/\/online.fliphtml5.com\/xjsny\/cfmi\/#p=35<\/a><img loading=\"lazy\" decoding=\"async\" height=\"16\" width=\"16\" src=\"https:\/\/static.xx.fbcdn.net\/images\/emoji.php\/v9\/td0\/1\/16\/1f448.png\" alt=\"\ud83d\udc48\"> <\/strong><\/p>\n\n\n\n<figure class=\"wp-block-image size-large\"><img loading=\"lazy\" decoding=\"async\" width=\"758\" height=\"1024\" src=\"https:\/\/www.ritajankowska.pl\/wp-content\/uploads\/2026\/04\/637390747_26178577395110028_5774216764359130394_n-1-758x1024.jpg\" alt=\"\" class=\"wp-image-1178\" srcset=\"https:\/\/www.ritajankowska.pl\/wp-content\/uploads\/2026\/04\/637390747_26178577395110028_5774216764359130394_n-1-758x1024.jpg 758w, https:\/\/www.ritajankowska.pl\/wp-content\/uploads\/2026\/04\/637390747_26178577395110028_5774216764359130394_n-1-222x300.jpg 222w, https:\/\/www.ritajankowska.pl\/wp-content\/uploads\/2026\/04\/637390747_26178577395110028_5774216764359130394_n-1-768x1038.jpg 768w, https:\/\/www.ritajankowska.pl\/wp-content\/uploads\/2026\/04\/637390747_26178577395110028_5774216764359130394_n-1-1136x1536.jpg 1136w, https:\/\/www.ritajankowska.pl\/wp-content\/uploads\/2026\/04\/637390747_26178577395110028_5774216764359130394_n-1.jpg 1515w\" sizes=\"auto, (max-width: 758px) 100vw, 758px\" \/><\/figure>\n\n\n\n<p class=\"has-small-font-size\">Spo\u0142eczne czytanie ch\u00f3ralne odby\u0142o si\u0119 22 lutego 2026 roku w<em> <a href=\"https:\/\/www.facebook.com\/profile.php?id=100075908540637&amp;__cft__[0]=AZZh1p1K0hIeliKXNFMgaZUVMLNubD9yhtY_6k-gDvvgXTgT3FWkRyZlfimUKFJ5vnjxY9LKFBJqfIOhGMspram4oROKO9xTslcCfbLsP1KGC5ySozLRl8jNMtaX9GeuXlD-kCYcp4-BEUle0PJLAcgHCx98Wrgbaal3lPIu12yRVE6dYgy6Y7IOhybE-UTw-Ec&amp;__tn__=-]K-R\">Clich\u00e9 Gallery<\/a> <\/em>w Warszawie i zamkn\u0119\u0142o m\u00f3j p\u00f3\u0142roczny projekt stypendialny <a href=\"https:\/\/www.facebook.com\/kpo.dla.kultury?__cft__[0]=AZZh1p1K0hIeliKXNFMgaZUVMLNubD9yhtY_6k-gDvvgXTgT3FWkRyZlfimUKFJ5vnjxY9LKFBJqfIOhGMspram4oROKO9xTslcCfbLsP1KGC5ySozLRl8jNMtaX9GeuXlD-kCYcp4-BEUle0PJLAcgHCx98Wrgbaal3lPIu12yRVE6dYgy6Y7IOhybE-UTw-Ec&amp;__tn__=-]K-R\">KPO dla Kultury<\/a> 2025.<\/p>\n\n\n\n<figure class=\"wp-block-image size-large\"><img loading=\"lazy\" decoding=\"async\" width=\"1024\" height=\"1024\" src=\"https:\/\/www.ritajankowska.pl\/wp-content\/uploads\/2026\/03\/plakat-anemon-1024x1024.jpg\" alt=\"\" class=\"wp-image-1149\" srcset=\"https:\/\/www.ritajankowska.pl\/wp-content\/uploads\/2026\/03\/plakat-anemon-1024x1024.jpg 1024w, https:\/\/www.ritajankowska.pl\/wp-content\/uploads\/2026\/03\/plakat-anemon-300x300.jpg 300w, https:\/\/www.ritajankowska.pl\/wp-content\/uploads\/2026\/03\/plakat-anemon-150x150.jpg 150w, https:\/\/www.ritajankowska.pl\/wp-content\/uploads\/2026\/03\/plakat-anemon-768x768.jpg 768w, https:\/\/www.ritajankowska.pl\/wp-content\/uploads\/2026\/03\/plakat-anemon.jpg 1080w\" sizes=\"auto, (max-width: 1024px) 100vw, 1024px\" \/><\/figure>\n\n\n\n<figure class=\"wp-block-image size-large\"><img loading=\"lazy\" decoding=\"async\" width=\"1024\" height=\"538\" src=\"https:\/\/www.ritajankowska.pl\/wp-content\/uploads\/2026\/04\/644721862_26253695860931514_8393014047763738_n-1024x538.jpg\" alt=\"\" class=\"wp-image-1172\" srcset=\"https:\/\/www.ritajankowska.pl\/wp-content\/uploads\/2026\/04\/644721862_26253695860931514_8393014047763738_n-1024x538.jpg 1024w, https:\/\/www.ritajankowska.pl\/wp-content\/uploads\/2026\/04\/644721862_26253695860931514_8393014047763738_n-300x158.jpg 300w, https:\/\/www.ritajankowska.pl\/wp-content\/uploads\/2026\/04\/644721862_26253695860931514_8393014047763738_n-768x403.jpg 768w, https:\/\/www.ritajankowska.pl\/wp-content\/uploads\/2026\/04\/644721862_26253695860931514_8393014047763738_n.jpg 1200w\" sizes=\"auto, (max-width: 1024px) 100vw, 1024px\" \/><\/figure>\n\n\n\n<figure class=\"wp-block-image size-large\"><img loading=\"lazy\" decoding=\"async\" width=\"1024\" height=\"622\" src=\"https:\/\/www.ritajankowska.pl\/wp-content\/uploads\/2026\/04\/641619049_26253732740927826_2268804898044135453_n-1024x622.jpg\" alt=\"\" class=\"wp-image-1174\" srcset=\"https:\/\/www.ritajankowska.pl\/wp-content\/uploads\/2026\/04\/641619049_26253732740927826_2268804898044135453_n-1024x622.jpg 1024w, https:\/\/www.ritajankowska.pl\/wp-content\/uploads\/2026\/04\/641619049_26253732740927826_2268804898044135453_n-300x182.jpg 300w, https:\/\/www.ritajankowska.pl\/wp-content\/uploads\/2026\/04\/641619049_26253732740927826_2268804898044135453_n-768x467.jpg 768w, https:\/\/www.ritajankowska.pl\/wp-content\/uploads\/2026\/04\/641619049_26253732740927826_2268804898044135453_n-1536x933.jpg 1536w, https:\/\/www.ritajankowska.pl\/wp-content\/uploads\/2026\/04\/641619049_26253732740927826_2268804898044135453_n.jpg 1769w\" sizes=\"auto, (max-width: 1024px) 100vw, 1024px\" \/><\/figure>\n\n\n\n<figure class=\"wp-block-image size-large\"><img loading=\"lazy\" decoding=\"async\" width=\"1024\" height=\"640\" src=\"https:\/\/www.ritajankowska.pl\/wp-content\/uploads\/2026\/04\/642364925_26253740577593709_7266233658954852377_n-1024x640.jpg\" alt=\"\" class=\"wp-image-1175\" srcset=\"https:\/\/www.ritajankowska.pl\/wp-content\/uploads\/2026\/04\/642364925_26253740577593709_7266233658954852377_n-1024x640.jpg 1024w, https:\/\/www.ritajankowska.pl\/wp-content\/uploads\/2026\/04\/642364925_26253740577593709_7266233658954852377_n-300x188.jpg 300w, https:\/\/www.ritajankowska.pl\/wp-content\/uploads\/2026\/04\/642364925_26253740577593709_7266233658954852377_n-768x480.jpg 768w, https:\/\/www.ritajankowska.pl\/wp-content\/uploads\/2026\/04\/642364925_26253740577593709_7266233658954852377_n-1536x960.jpg 1536w, https:\/\/www.ritajankowska.pl\/wp-content\/uploads\/2026\/04\/642364925_26253740577593709_7266233658954852377_n.jpg 1920w\" sizes=\"auto, (max-width: 1024px) 100vw, 1024px\" \/><\/figure>\n\n\n\n<figure class=\"wp-block-image size-large\"><img loading=\"lazy\" decoding=\"async\" width=\"1024\" height=\"450\" src=\"https:\/\/www.ritajankowska.pl\/wp-content\/uploads\/2026\/03\/wawa-chor-1024x450.jpg\" alt=\"\" class=\"wp-image-1148\" srcset=\"https:\/\/www.ritajankowska.pl\/wp-content\/uploads\/2026\/03\/wawa-chor-1024x450.jpg 1024w, https:\/\/www.ritajankowska.pl\/wp-content\/uploads\/2026\/03\/wawa-chor-300x132.jpg 300w, https:\/\/www.ritajankowska.pl\/wp-content\/uploads\/2026\/03\/wawa-chor-768x337.jpg 768w, https:\/\/www.ritajankowska.pl\/wp-content\/uploads\/2026\/03\/wawa-chor.jpg 1430w\" sizes=\"auto, (max-width: 1024px) 100vw, 1024px\" \/><\/figure>\n\n\n\n<p><\/p>\n\n\n\n<p><strong>S\u0104SIEDZI. CZYTANIA NA CZAS SAMOTNO\u015aCI<\/strong><\/p>\n\n\n\n<p><\/p>\n\n\n\n<p class=\"has-text-align-center has-small-font-size\">sp\u00f3jrzcie na nas<\/p>\n\n\n\n<p class=\"has-text-align-center has-small-font-size\">policzcie nas<\/p>\n\n\n\n<p class=\"has-text-align-center has-small-font-size\">jeste\u015bmy niewielkim rojem<\/p>\n\n\n\n<p class=\"has-text-align-center has-small-font-size\">kt\u00f3ry chce si\u0119 powi\u0119kszy\u0107<\/p>\n\n\n\n<p class=\"has-text-align-center has-small-font-size\">zobaczcie nas<\/p>\n\n\n\n<p class=\"has-text-align-center has-small-font-size\">grozimy wam wsp\u00f3lnot\u0105<\/p>\n\n\n\n<p class=\"has-text-align-center has-small-font-size\">przytulimy was<\/p>\n\n\n\n<p class=\"has-text-align-center has-small-font-size\">zapomnicie samotno\u015b\u0107<\/p>\n\n\n\n<p class=\"has-text-align-center has-small-font-size\">wypowiadamy wam pok\u00f3j<\/p>\n\n\n\n<p>CH\u00d3R czyta, wo\u0142a, milczy. CH\u00d3R jest Ruchem.<\/p>\n\n\n\n<p>CH\u00d3R jest wsp\u00f3lnot\u0105, kt\u00f3r\u0105 sobie wyobrazi\u0142.<\/p>\n\n\n\n<p>CH\u00d3R wyobra\u017ca \u015bwiat, jakiego chcemy, do jakiego d\u0105\u017cymy, jakim jeste\u015bmy \u2013 gdy wszystkie granice \u201ez tiulu, z jedwabiu, z szyfonu\u201d \u2013&nbsp; ods\u0142aniaj\u0105 nas.&nbsp;<\/p>\n\n\n\n<p>Nas, kt\u00f3rzy \u201enigdy nie byli\u015bmy, doprawdy, tylko lud\u017ami\u201d.<\/p>\n\n\n\n<p>W poetyckim raporcie o s\u0105siadach rozpisanym na G\u0142osy, Cisz\u0119 i Ruch snujemy opowie\u015b\u0107 o samotno\u015bci, relacjach i wi\u0119ziach. S\u0105siedztwie ze wszystkimi i wszystkim. Bo \u017bycie wydarza si\u0119&nbsp; p o m i \u0119 d z y.<\/p>\n\n\n\n<p>Premierowe czytanie odby\u0142o si\u0119 27 listopada w Gda\u0144sk Miasto Literatury UNESCO<\/p>\n\n\n\n<figure class=\"wp-block-image size-large\"><img loading=\"lazy\" decoding=\"async\" width=\"1024\" height=\"729\" src=\"https:\/\/www.ritajankowska.pl\/wp-content\/uploads\/2026\/04\/do-fb-1024x729.jpg\" alt=\"\" class=\"wp-image-1168\" srcset=\"https:\/\/www.ritajankowska.pl\/wp-content\/uploads\/2026\/04\/do-fb-1024x729.jpg 1024w, https:\/\/www.ritajankowska.pl\/wp-content\/uploads\/2026\/04\/do-fb-300x214.jpg 300w, https:\/\/www.ritajankowska.pl\/wp-content\/uploads\/2026\/04\/do-fb-768x547.jpg 768w, https:\/\/www.ritajankowska.pl\/wp-content\/uploads\/2026\/04\/do-fb-1536x1094.jpg 1536w, https:\/\/www.ritajankowska.pl\/wp-content\/uploads\/2026\/04\/do-fb.jpg 2048w\" sizes=\"auto, (max-width: 1024px) 100vw, 1024px\" \/><\/figure>\n\n\n\n<figure class=\"wp-block-image size-large\"><img loading=\"lazy\" decoding=\"async\" width=\"756\" height=\"1024\" src=\"https:\/\/www.ritajankowska.pl\/wp-content\/uploads\/2026\/04\/590379180_1153731910202693_5322181347260293961_n-756x1024.jpg\" alt=\"\" class=\"wp-image-1183\" srcset=\"https:\/\/www.ritajankowska.pl\/wp-content\/uploads\/2026\/04\/590379180_1153731910202693_5322181347260293961_n-756x1024.jpg 756w, https:\/\/www.ritajankowska.pl\/wp-content\/uploads\/2026\/04\/590379180_1153731910202693_5322181347260293961_n-221x300.jpg 221w, https:\/\/www.ritajankowska.pl\/wp-content\/uploads\/2026\/04\/590379180_1153731910202693_5322181347260293961_n-768x1041.jpg 768w, https:\/\/www.ritajankowska.pl\/wp-content\/uploads\/2026\/04\/590379180_1153731910202693_5322181347260293961_n-1133x1536.jpg 1133w, https:\/\/www.ritajankowska.pl\/wp-content\/uploads\/2026\/04\/590379180_1153731910202693_5322181347260293961_n.jpg 1511w\" sizes=\"auto, (max-width: 756px) 100vw, 756px\" \/><\/figure>\n\n\n\n<p class=\"has-small-font-size\"><strong>Tekst i re\u017cyseria:<\/strong> Rita Jankowska \/ <strong>Ch\u00f3r Czytaj\u0105cy:<\/strong> Karolina Bartoszewska, Pawe\u0142 Binert, Agnieszka Bogdanowicz, Katarzyna Doner, Maryla Furma\u0144czuk-Borys, Ewa Go\u0142\u0119biewska, Ma\u0142gorzata Gosiewska, Roksana J\u0119drzejewska-Wr\u00f3bel, Anna Kaniewska, Marta Karalus, Katarzyna Korolczuk, Miros\u0142aw Mularski, Beata Mokosz, Marianna Palider, Emilia R\u00f3\u017cycka, Karolina Siodmiak, El\u017cbieta Surma, Marysia Sysko, Aleksandra \u015aliwi\u0144ska, Joanna Wro\u0144ska, Ma\u0142gorzata Zieli\u0144ska.<\/p>\n\n\n\n<p><strong>Partnerzy:<\/strong> Gda\u0144sk Miasto Literatury UNESCO &#8211; Dom Literatury w Gda\u0144sku; Metropolitalna Karta do Kultury; Wojew\u00f3dzka i Miejska Biblioteka Publiczna w Gda\u0144sku<\/p>\n\n\n\n<p>Projekt zrealizowany dzi\u0119ki dofinansowaniu ze \u015brodk\u00f3w Miasta Gda\u0144ska<\/p>\n\n\n\n<figure class=\"wp-block-embed is-type-wp-embed is-provider-planeta-tr-jmiasto wp-block-embed-planeta-tr-jmiasto\"><div class=\"wp-block-embed__wrapper\">\n<blockquote class=\"wp-embedded-content\" data-secret=\"NGknoT9ezI\"><a href=\"https:\/\/planetatrojmiasto.pl\/jesli-kiedykolwiek-ktos-z-panstwa-czul-sie-samotnie-wywiad-z-rita-jankowska-rezyserka-spektaklu-o-byciu-sasiadem\/\">Je\u015bli kiedykolwiek kto\u015b z Pa\u0144stwa czu\u0142 si\u0119 samotnie\u2026<\/a><\/blockquote><iframe loading=\"lazy\" class=\"wp-embedded-content\" sandbox=\"allow-scripts\" security=\"restricted\" style=\"position: absolute; visibility: hidden;\" title=\"&#8222;Je\u015bli kiedykolwiek kto\u015b z Pa\u0144stwa czu\u0142 si\u0119 samotnie\u2026&#8221; &#8212; Planeta Tr\u00f3jmiasto\" src=\"https:\/\/planetatrojmiasto.pl\/jesli-kiedykolwiek-ktos-z-panstwa-czul-sie-samotnie-wywiad-z-rita-jankowska-rezyserka-spektaklu-o-byciu-sasiadem\/embed\/#?secret=AAxWmxbcIm#?secret=NGknoT9ezI\" data-secret=\"NGknoT9ezI\" width=\"500\" height=\"282\" frameborder=\"0\" marginwidth=\"0\" marginheight=\"0\" scrolling=\"no\"><\/iframe>\n<\/div><\/figure>\n\n\n\n<p><a href=\"https:\/\/planetatrojmiasto.pl\/o-byciu-sasiadem-kiedy-wiele-glosow-mowi-jednym-sercem\/?fbclid=IwY2xjawRR_HxleHRuA2FlbQIxMQBzcnRjBmFwcF9pZBAyMjIwMzkxNzg4MjAwODkyAAEevNURVM0P1KNSA6qqOrBYZXAxLuaAZddpcXY8BVb030yA6wn5rDkhHXR4zuE_aem_cUPps_22dEiNW5I10vaj1g\"><strong>https:\/\/planetatrojmiasto.pl\/o-byciu-sasiadem-kiedy-wiele-glosow-mowi-jednym-sercem\/?<\/strong><\/a><\/p>\n\n\n\n<p>link do rolki<strong>: <a href=\"https:\/\/www.youtube.com\/watch?v=0sFar7a8oTU\" target=\"_blank\" rel=\"noreferrer noopener\">https:\/\/www.youtube.com\/watch?v=0sFar7a8oTU<\/a><\/strong><\/p>\n\n\n\n<p><\/p>\n\n\n\n<p>Kolejne czytanie odby\u0142o si\u0119 7\/03\/2026 podczas cyklu SZCZELINY. KOBIETY W SZTUKACH PERFORMATYWNYCH organizowanego przez Instytut Grotowskiego we Wroc\u0142awiu<\/p>\n\n\n\n<figure class=\"wp-block-image size-large\"><img loading=\"lazy\" decoding=\"async\" width=\"1024\" height=\"683\" src=\"https:\/\/www.ritajankowska.pl\/wp-content\/uploads\/2026\/04\/649679726_1229795632596320_4318263655111198429_n-1024x683.jpg\" alt=\"\" class=\"wp-image-1169\" srcset=\"https:\/\/www.ritajankowska.pl\/wp-content\/uploads\/2026\/04\/649679726_1229795632596320_4318263655111198429_n-1024x683.jpg 1024w, https:\/\/www.ritajankowska.pl\/wp-content\/uploads\/2026\/04\/649679726_1229795632596320_4318263655111198429_n-300x200.jpg 300w, https:\/\/www.ritajankowska.pl\/wp-content\/uploads\/2026\/04\/649679726_1229795632596320_4318263655111198429_n-768x512.jpg 768w, https:\/\/www.ritajankowska.pl\/wp-content\/uploads\/2026\/04\/649679726_1229795632596320_4318263655111198429_n-1536x1024.jpg 1536w, https:\/\/www.ritajankowska.pl\/wp-content\/uploads\/2026\/04\/649679726_1229795632596320_4318263655111198429_n.jpg 2048w\" sizes=\"auto, (max-width: 1024px) 100vw, 1024px\" \/><\/figure>\n\n\n\n<figure class=\"wp-block-image size-large\"><img loading=\"lazy\" decoding=\"async\" width=\"1024\" height=\"683\" src=\"https:\/\/www.ritajankowska.pl\/wp-content\/uploads\/2026\/04\/648923091_26355226764111756_2468343269244168254_n-1024x683.jpg\" alt=\"\" class=\"wp-image-1170\" srcset=\"https:\/\/www.ritajankowska.pl\/wp-content\/uploads\/2026\/04\/648923091_26355226764111756_2468343269244168254_n-1024x683.jpg 1024w, https:\/\/www.ritajankowska.pl\/wp-content\/uploads\/2026\/04\/648923091_26355226764111756_2468343269244168254_n-300x200.jpg 300w, https:\/\/www.ritajankowska.pl\/wp-content\/uploads\/2026\/04\/648923091_26355226764111756_2468343269244168254_n-768x512.jpg 768w, https:\/\/www.ritajankowska.pl\/wp-content\/uploads\/2026\/04\/648923091_26355226764111756_2468343269244168254_n-1536x1024.jpg 1536w, https:\/\/www.ritajankowska.pl\/wp-content\/uploads\/2026\/04\/648923091_26355226764111756_2468343269244168254_n.jpg 2048w\" sizes=\"auto, (max-width: 1024px) 100vw, 1024px\" \/><\/figure>\n\n\n\n<figure class=\"wp-block-image size-large\"><img loading=\"lazy\" decoding=\"async\" width=\"683\" height=\"1024\" src=\"https:\/\/www.ritajankowska.pl\/wp-content\/uploads\/2026\/04\/647507116_26355229504111482_8462091141189682659_n-683x1024.jpg\" alt=\"\" class=\"wp-image-1171\" srcset=\"https:\/\/www.ritajankowska.pl\/wp-content\/uploads\/2026\/04\/647507116_26355229504111482_8462091141189682659_n-683x1024.jpg 683w, https:\/\/www.ritajankowska.pl\/wp-content\/uploads\/2026\/04\/647507116_26355229504111482_8462091141189682659_n-200x300.jpg 200w, https:\/\/www.ritajankowska.pl\/wp-content\/uploads\/2026\/04\/647507116_26355229504111482_8462091141189682659_n-768x1152.jpg 768w, https:\/\/www.ritajankowska.pl\/wp-content\/uploads\/2026\/04\/647507116_26355229504111482_8462091141189682659_n-1024x1536.jpg 1024w, https:\/\/www.ritajankowska.pl\/wp-content\/uploads\/2026\/04\/647507116_26355229504111482_8462091141189682659_n.jpg 1365w\" sizes=\"auto, (max-width: 683px) 100vw, 683px\" \/><\/figure>\n\n\n\n<p>zdj\u0119cia: Tobiasz Papuczys<\/p>\n\n\n\n<p>link do opisu wydarzenia na stronie Instytutu Grotowskiego: <\/p>\n\n\n\n<p><a href=\"https:\/\/grotowski-institute.pl\/wydarzenia\/sasiedzi-szczeliny-2026\/\"><strong>https:\/\/grotowski-institute.pl\/wydarzenia\/sasiedzi-szczeliny-2026\/<\/strong><\/a><\/p>\n\n\n\n<p><\/p>\n","protected":false},"excerpt":{"rendered":"<p>SPO\u0141ECZNE ROZCZYTYWANIE J\u0118ZYKA (PI\u0118KNEGO) To wydarzenie nie mia\u0142o instrukcji. Nie ma metody do bycia i bycia razem poprzez wsp\u00f3lne czytanie. Jest decyzja. Tekst, kt\u00f3ry napisa\u0142am specjalnie dla tego eksperymentalnego czytania ch\u00f3ralnego by\u0142 tylko pretekstem. S\u0142owa s\u0105. S\u0142owa \u201ewy\u0142aniaj\u0105 si\u0119 ze swego \u017ar\u00f3d\u0142a jak kwiaty\u201d. Mo\u017cna pozostawi\u0107 je zamkni\u0119tymi. Mo\u017cna pozwoli\u0107 ich p\u0105kom otwiera\u0107 si\u0119. Mog\u0105 [&hellip;]<\/p>\n","protected":false},"author":1,"featured_media":0,"parent":0,"menu_order":0,"comment_status":"closed","ping_status":"closed","template":"","meta":{"footnotes":""},"class_list":["post-1144","page","type-page","status-publish","hentry"],"_links":{"self":[{"href":"https:\/\/www.ritajankowska.pl\/index.php\/wp-json\/wp\/v2\/pages\/1144","targetHints":{"allow":["GET"]}}],"collection":[{"href":"https:\/\/www.ritajankowska.pl\/index.php\/wp-json\/wp\/v2\/pages"}],"about":[{"href":"https:\/\/www.ritajankowska.pl\/index.php\/wp-json\/wp\/v2\/types\/page"}],"author":[{"embeddable":true,"href":"https:\/\/www.ritajankowska.pl\/index.php\/wp-json\/wp\/v2\/users\/1"}],"replies":[{"embeddable":true,"href":"https:\/\/www.ritajankowska.pl\/index.php\/wp-json\/wp\/v2\/comments?post=1144"}],"version-history":[{"count":6,"href":"https:\/\/www.ritajankowska.pl\/index.php\/wp-json\/wp\/v2\/pages\/1144\/revisions"}],"predecessor-version":[{"id":1185,"href":"https:\/\/www.ritajankowska.pl\/index.php\/wp-json\/wp\/v2\/pages\/1144\/revisions\/1185"}],"wp:attachment":[{"href":"https:\/\/www.ritajankowska.pl\/index.php\/wp-json\/wp\/v2\/media?parent=1144"}],"curies":[{"name":"wp","href":"https:\/\/api.w.org\/{rel}","templated":true}]}}