{"id":7,"date":"2024-11-14T08:55:33","date_gmt":"2024-11-14T08:55:33","guid":{"rendered":"https:\/\/www.ritajankowska.pl\/?page_id=7"},"modified":"2026-03-05T12:22:43","modified_gmt":"2026-03-05T12:22:43","slug":"7-2","status":"publish","type":"page","link":"https:\/\/www.ritajankowska.pl\/index.php\/7-2\/","title":{"rendered":"o mnie"},"content":{"rendered":"\n<div class=\"wp-block-media-text is-stacked-on-mobile\" style=\"grid-template-columns:66% auto\"><figure class=\"wp-block-media-text__media\"><img loading=\"lazy\" decoding=\"async\" width=\"683\" height=\"1024\" src=\"http:\/\/www.ritajankowska.pl\/wp-content\/uploads\/2026\/01\/IMG_1461-1-683x1024.jpg\" alt=\"\" class=\"wp-image-1085 size-full\" srcset=\"https:\/\/www.ritajankowska.pl\/wp-content\/uploads\/2026\/01\/IMG_1461-1-683x1024.jpg 683w, https:\/\/www.ritajankowska.pl\/wp-content\/uploads\/2026\/01\/IMG_1461-1-200x300.jpg 200w, https:\/\/www.ritajankowska.pl\/wp-content\/uploads\/2026\/01\/IMG_1461-1-768x1152.jpg 768w, https:\/\/www.ritajankowska.pl\/wp-content\/uploads\/2026\/01\/IMG_1461-1.jpg 800w\" sizes=\"auto, (max-width: 683px) 100vw, 683px\" \/><\/figure><div class=\"wp-block-media-text__content\">\n<p class=\"has-source-serif-pro-font-family has-small-font-size\">jestem pisark\u0105, dramatur\u017ck\u0105, re\u017cyserk\u0105 off teatru, performerk\u0105, pedagogiem dramy <\/p>\n\n\n\n<p class=\"has-source-serif-pro-font-family has-small-font-size\">autork\u0105 poemat\u00f3w dokumentalnych, tw\u00f3rczyni\u0105 teatru spo\u0142ecznego, ch\u00f3ralnych czyta\u0144 performatywnych, performans\u00f3w, s\u0142uchowisk, wydarze\u0144 literackich <br><br>autork\u0105 debiutanckiej ksi\u0105\u017cki prozatorskiej o transformacji traumy poprzez artystyczn\u0105 drog\u0119 <em>Dryfuj\u0105ce s\u0142o\u0144ca<\/em><\/p>\n\n\n\n<p>oraz <\/p>\n\n\n\n<p class=\"has-small-font-size\">zbioru 5 poemat\u00f3w uj\u0119tych w ksi\u0105\u017ck\u0119<em> Cicha krew. Poematy samotne i wsp\u00f3lne<\/em><\/p>\n<\/div><\/div>\n\n\n\n<blockquote class=\"wp-block-quote is-layout-flow wp-block-quote-is-layout-flow\">\n<hr class=\"wp-block-separator has-alpha-channel-opacity\"\/>\n<\/blockquote>\n\n\n\n<p class=\"has-source-serif-pro-font-family has-small-font-size\">Przede wszystkim pisz\u0119.<\/p>\n\n\n\n<p class=\"has-source-serif-pro-font-family has-small-font-size\">lub<\/p>\n\n\n\n<p class=\"has-source-serif-pro-font-family has-small-font-size\">Najcz\u0119\u015bciej najpierw jest tekst.<\/p>\n\n\n\n<p class=\"has-source-serif-pro-font-family has-small-font-size\">A potem zwo\u0142uj\u0119.<\/p>\n\n\n\n<p class=\"has-source-serif-pro-font-family has-small-font-size\"><br>Spo\u0142eczne ch\u00f3ry spo\u0142eczne. Ch\u00f3ry aktywistek. Ch\u00f3ry zaanga\u017cowane. Zespo\u0142y mieszane: profesjonalist\u00f3w, aktywistki_\u00f3w, mieszkanki_\u0144c\u00f3w. Spo\u0142eczno\u015bci nieobecne, dalsze, zm\u0119czone, uwi\u0119zione, dos\u0142ownie. Przemilczane. Teatr kobiet, kt\u00f3ry nazywa\u0142 si\u0119 <em>B\u0142\u0119kitna Sukienka<\/em>. <\/p>\n\n\n\n<p class=\"has-source-serif-pro-font-family has-small-font-size\"><br>Z grupami spo\u0142ecznymi pracuj\u0119 warsztatowo metodami teatru i dramy. Technikami, kt\u00f3re s\u0105 po\u0142\u0105czeniem wszystkiego, czego nauczy\u0142am si\u0119 na przestrzeni lat pocz\u0105wszy od teatru ulicznego i teatru ruchu, metody Grotowskiego, przez dram\u0119, <em>Community Theatre<\/em>, szko\u0142y dramatu i reporta\u017cu, po analiz\u0119 ruchu metod\u0105 <em>Laban &amp; Barentrieff<\/em> , komunikacj\u0119 bez przemocy <em>NVC (Nonviolent Communication<\/em>) i j\u0119zyk <em>Resonant Healing.<\/em><br><br>Ze Spo\u0142ecznymi Ch\u00f3rami Czytaj\u0105cymi<em> <\/em>tworzymy wsp\u00f3lnot\u0119 s\u0142owa, ruchu, j\u0119zyka, emocji. Jeste\u015bmy G\u0141OSEM. Naszym interwencjom nadajemy form\u0119 spektakli, spektakli muzycznych, ch\u00f3ralnych czyta\u0144 performatywnych, s\u0142uchowisk, czytaj\u0105cych ceremonii.<\/p>\n\n\n\n<p class=\"has-source-serif-pro-font-family has-small-font-size\">Dzia\u0142am w polu POEMATU DOKUMENTALNEGO.<\/p>\n\n\n\n<p class=\"has-source-serif-pro-font-family has-small-font-size\">W\u0142a\u015bnie ten j\u0119zyk wypracowany poprzez lata pisania, warsztatow\u0105 prac\u0119 teatraln\u0105, w\u0119drowanie i odosobnienia &#8211; s\u0142u\u017cy mi do opisywania \u015bwiata.<\/p>\n\n\n\n<p class=\"has-source-serif-pro-font-family has-small-font-size\">Trauma.  <\/p>\n\n\n\n<p class=\"has-source-serif-pro-font-family has-small-font-size\">Temat traumy podejmowa\u0142am w swojej tw\u00f3rczo\u015bci od zawsze i na wszystkie mo\u017cliwe sposoby, d\u0142ugo nie wiedz\u0105c dlaczego. Dlaczego:<\/p>\n\n\n\n<p class=\"has-source-serif-pro-font-family has-small-font-size\">&#8211; tematy praw kobiet, do\u015bwiadczenia wszystkich form przemocy, \u017ca\u0142oby, straty i uchod\u017astwa<br>&#8211; matek osieroconych przez dzieci-samobojc\u00f3w, do\u015bwiadczenia raka i transformacji przez chorob\u0119<br>&#8211; dzieci z obozu w \u0141odzi na Przemys\u0142owej i mi\u0119dzygeneracyjnej transmisji traumy<br>&#8211; dziedziczenia biedy, pacjent\u00f3w psychiatrycznych, kobiet osadzonych i wolno\u015bci<br>&#8211; obco\u015bci, samotno\u015bci, wi\u0119zi, relacji, s\u0105siedztwa<\/p>\n\n\n\n<p class=\"has-source-serif-pro-font-family has-small-font-size\">Dzi\u015b ju\u017c wiem.<br><br>Ka\u017cdy dostaje wysoce zindywidualizowane duchowe lekcje. Moje odebra\u0142am pisz\u0105c, tworz\u0105c teatr spo\u0142eczny, a nast\u0119pnie to, co zacz\u0119\u0142o przekracza\u0107 teatr i staje si\u0119 coraz bardziej czystym, rozprzestrzeniaj\u0105cym si\u0119 cicho, niespiesznie<br><br><strong>KOMUNIKATEM.<\/strong><br><\/p>\n\n\n\n<hr class=\"wp-block-separator has-alpha-channel-opacity\"\/>\n\n\n\n<p class=\"has-source-serif-pro-font-family has-small-font-size\"><strong>KONTAKT:<\/strong><br>rita.jankowska@proton.me<\/p>\n\n\n\n<p><\/p>\n","protected":false},"excerpt":{"rendered":"<p>jestem pisark\u0105, dramatur\u017ck\u0105, re\u017cyserk\u0105 off teatru, performerk\u0105, pedagogiem dramy autork\u0105 poemat\u00f3w dokumentalnych, tw\u00f3rczyni\u0105 teatru spo\u0142ecznego, ch\u00f3ralnych czyta\u0144 performatywnych, performans\u00f3w, s\u0142uchowisk, wydarze\u0144 literackich autork\u0105 debiutanckiej ksi\u0105\u017cki prozatorskiej o transformacji traumy poprzez artystyczn\u0105 drog\u0119 Dryfuj\u0105ce s\u0142o\u0144ca oraz zbioru 5 poemat\u00f3w uj\u0119tych w ksi\u0105\u017ck\u0119 Cicha krew. Poematy samotne i wsp\u00f3lne Przede wszystkim pisz\u0119. lub Najcz\u0119\u015bciej najpierw jest tekst. [&hellip;]<\/p>\n","protected":false},"author":1,"featured_media":0,"parent":0,"menu_order":0,"comment_status":"closed","ping_status":"closed","template":"","meta":{"footnotes":""},"class_list":["post-7","page","type-page","status-publish","hentry"],"_links":{"self":[{"href":"https:\/\/www.ritajankowska.pl\/index.php\/wp-json\/wp\/v2\/pages\/7","targetHints":{"allow":["GET"]}}],"collection":[{"href":"https:\/\/www.ritajankowska.pl\/index.php\/wp-json\/wp\/v2\/pages"}],"about":[{"href":"https:\/\/www.ritajankowska.pl\/index.php\/wp-json\/wp\/v2\/types\/page"}],"author":[{"embeddable":true,"href":"https:\/\/www.ritajankowska.pl\/index.php\/wp-json\/wp\/v2\/users\/1"}],"replies":[{"embeddable":true,"href":"https:\/\/www.ritajankowska.pl\/index.php\/wp-json\/wp\/v2\/comments?post=7"}],"version-history":[{"count":36,"href":"https:\/\/www.ritajankowska.pl\/index.php\/wp-json\/wp\/v2\/pages\/7\/revisions"}],"predecessor-version":[{"id":1165,"href":"https:\/\/www.ritajankowska.pl\/index.php\/wp-json\/wp\/v2\/pages\/7\/revisions\/1165"}],"wp:attachment":[{"href":"https:\/\/www.ritajankowska.pl\/index.php\/wp-json\/wp\/v2\/media?parent=7"}],"curies":[{"name":"wp","href":"https:\/\/api.w.org\/{rel}","templated":true}]}}